{"id":17581,"date":"2025-02-24T16:28:44","date_gmt":"2025-02-24T15:28:44","guid":{"rendered":"https:\/\/www.magneticproductions.es\/?page_id=17581"},"modified":"2025-07-24T13:19:42","modified_gmt":"2025-07-24T11:19:42","slug":"work","status":"publish","type":"page","link":"https:\/\/www.magneticproductions.es\/ca\/work\/","title":{"rendered":"TREBALLS"},"content":{"rendered":"<div data-elementor-type=\"wp-page\" data-elementor-id=\"17581\" class=\"elementor elementor-17581\">\n\t\t\t\t\t\t<section class=\"elementor-section elementor-top-section elementor-element elementor-element-8f8d5ff elementor-section-boxed elementor-section-height-default elementor-section-height-default wpr-particle-no wpr-jarallax-no wpr-parallax-no wpr-sticky-section-no\" data-id=\"8f8d5ff\" data-element_type=\"section\" data-e-type=\"section\">\n\t\t\t\t\t\t<div class=\"elementor-container elementor-column-gap-default\">\n\t\t\t\t\t<div class=\"elementor-column elementor-col-100 elementor-top-column elementor-element elementor-element-892c9f7\" data-id=\"892c9f7\" data-element_type=\"column\" data-e-type=\"column\">\n\t\t\t<div class=\"elementor-widget-wrap elementor-element-populated\">\n\t\t\t\t\t\t<div class=\"elementor-element elementor-element-2645b0e wpr-fancy-text-zoom wpr-advanced-text-style-animated wpr-animated-text-infinite-yes elementor-widget elementor-widget-wpr-advanced-text\" data-id=\"2645b0e\" data-element_type=\"widget\" data-e-type=\"widget\" data-settings=\"{&quot;anim_loop&quot;:&quot;yes&quot;}\" data-widget_type=\"wpr-advanced-text.default\">\n\t\t\t\t<div class=\"elementor-widget-container\">\n\t\t\t\t\t\n\t\t<h3 class=\"wpr-advanced-text\">\n\n\t\t\t\t\t\n\t\t\t\n\t\t<span class=\"wpr-anim-text wpr-anim-text-type-zoom\" data-anim-duration=\"1000,2000\" data-anim-loop=\"yes\">\n\t\t\t<span class=\"wpr-anim-text-inner\">\n\t\t\t\t\t\t\t\t\t<b>WORK.<\/b>\n\t\t\t\t\t\t\t<\/span>\n\t\t\t\t\t<\/span>\n\n\t\t\t\t\n\t\t<\/h3>\n\t\t\n\t\t\t\t\t\t<\/div>\n\t\t\t\t<\/div>\n\t\t\t\t\t<\/div>\n\t\t<\/div>\n\t\t\t\t\t<\/div>\n\t\t<\/section>\n\t\t\t\t<section class=\"elementor-section elementor-top-section elementor-element elementor-element-c72625c elementor-section-boxed elementor-section-height-default elementor-section-height-default wpr-particle-no wpr-jarallax-no wpr-parallax-no wpr-sticky-section-no\" data-id=\"c72625c\" data-element_type=\"section\" data-e-type=\"section\">\n\t\t\t\t\t\t<div class=\"elementor-container elementor-column-gap-default\">\n\t\t\t\t\t<div class=\"elementor-column elementor-col-100 elementor-top-column elementor-element elementor-element-c11b4d9\" data-id=\"c11b4d9\" data-element_type=\"column\" data-e-type=\"column\">\n\t\t\t<div class=\"elementor-widget-wrap elementor-element-populated\">\n\t\t\t\t\t\t<div class=\"elementor-element elementor-element-92fd883 elementor-widget elementor-widget-spacer\" data-id=\"92fd883\" data-element_type=\"widget\" data-e-type=\"widget\" data-widget_type=\"spacer.default\">\n\t\t\t\t<div class=\"elementor-widget-container\">\n\t\t\t\t\t\t\t<div class=\"elementor-spacer\">\n\t\t\t<div class=\"elementor-spacer-inner\"><\/div>\n\t\t<\/div>\n\t\t\t\t\t\t<\/div>\n\t\t\t\t<\/div>\n\t\t\t\t\t<\/div>\n\t\t<\/div>\n\t\t\t\t\t<\/div>\n\t\t<\/section>\n\t\t\t\t<section class=\"elementor-section elementor-top-section elementor-element elementor-element-78d10cb elementor-section-boxed elementor-section-height-default elementor-section-height-default wpr-particle-no wpr-jarallax-no wpr-parallax-no wpr-sticky-section-no\" data-id=\"78d10cb\" data-element_type=\"section\" data-e-type=\"section\">\n\t\t\t\t\t\t<div class=\"elementor-container elementor-column-gap-default\">\n\t\t\t\t\t<div class=\"elementor-column elementor-col-16 elementor-top-column elementor-element elementor-element-a137da4\" data-id=\"a137da4\" data-element_type=\"column\" data-e-type=\"column\">\n\t\t\t<div class=\"elementor-widget-wrap\">\n\t\t\t\t\t\t\t<\/div>\n\t\t<\/div>\n\t\t\t\t<div class=\"elementor-column elementor-col-66 elementor-top-column elementor-element elementor-element-9f7afe1\" data-id=\"9f7afe1\" data-element_type=\"column\" data-e-type=\"column\">\n\t\t\t<div class=\"elementor-widget-wrap elementor-element-populated\">\n\t\t\t\t\t\t<div class=\"elementor-element elementor-element-d9d91f4 wpr-fancy-text-slide wpr-advanced-text-style-animated wpr-animated-text-infinite-yes elementor-widget elementor-widget-wpr-advanced-text\" data-id=\"d9d91f4\" data-element_type=\"widget\" data-e-type=\"widget\" data-settings=\"{&quot;anim_loop&quot;:&quot;yes&quot;}\" data-widget_type=\"wpr-advanced-text.default\">\n\t\t\t\t<div class=\"elementor-widget-container\">\n\t\t\t\t\t\n\t\t<h3 class=\"wpr-advanced-text\">\n\n\t\t\t\t\t\n\t\t\t\n\t\t<span class=\"wpr-anim-text wpr-anim-text-type-slide\" data-anim-duration=\"1000,2000\" data-anim-loop=\"yes\">\n\t\t\t<span class=\"wpr-anim-text-inner\">\n\t\t\t\t\t\t\t\t\t<b>PRODUCCI\u00d3N AUDIOVISUAL<\/b>\n\t\t\t\t\t\t\t\t\t<b>ESTRATEGIAS DE CONTENIDO<\/b>\n\t\t\t\t\t\t\t\t\t<b>COBERTURA DE EVENTOS<\/b>\n\t\t\t\t\t\t\t\t\t<b>DISE\u00d1O DE PROYECTOS<\/b>\n\t\t\t\t\t\t\t\t\t<b>CAMPA\u00d1AS DE PUBLICIDAD<\/b>\n\t\t\t\t\t\t\t<\/span>\n\t\t\t\t\t<\/span>\n\n\t\t\t\t\n\t\t<\/h3>\n\t\t\n\t\t\t\t\t\t<\/div>\n\t\t\t\t<\/div>\n\t\t\t\t\t<\/div>\n\t\t<\/div>\n\t\t\t\t<div class=\"elementor-column elementor-col-16 elementor-top-column elementor-element elementor-element-a02a60b\" data-id=\"a02a60b\" data-element_type=\"column\" data-e-type=\"column\">\n\t\t\t<div class=\"elementor-widget-wrap\">\n\t\t\t\t\t\t\t<\/div>\n\t\t<\/div>\n\t\t\t\t\t<\/div>\n\t\t<\/section>\n\t\t\t\t<section class=\"elementor-section elementor-top-section elementor-element elementor-element-5198900 elementor-section-boxed elementor-section-height-default elementor-section-height-default wpr-particle-no wpr-jarallax-no wpr-parallax-no wpr-sticky-section-no\" data-id=\"5198900\" data-element_type=\"section\" data-e-type=\"section\">\n\t\t\t\t\t\t<div class=\"elementor-container elementor-column-gap-default\">\n\t\t\t\t\t<div class=\"elementor-column elementor-col-100 elementor-top-column elementor-element elementor-element-c317957\" data-id=\"c317957\" data-element_type=\"column\" data-e-type=\"column\">\n\t\t\t<div class=\"elementor-widget-wrap elementor-element-populated\">\n\t\t\t\t\t\t<div class=\"elementor-element elementor-element-9fdc28e elementor-widget elementor-widget-spacer\" data-id=\"9fdc28e\" data-element_type=\"widget\" data-e-type=\"widget\" data-widget_type=\"spacer.default\">\n\t\t\t\t<div class=\"elementor-widget-container\">\n\t\t\t\t\t\t\t<div class=\"elementor-spacer\">\n\t\t\t<div class=\"elementor-spacer-inner\"><\/div>\n\t\t<\/div>\n\t\t\t\t\t\t<\/div>\n\t\t\t\t<\/div>\n\t\t\t\t\t<\/div>\n\t\t<\/div>\n\t\t\t\t\t<\/div>\n\t\t<\/section>\n\t\t\t\t<section class=\"elementor-section elementor-top-section elementor-element elementor-element-1745c96 elementor-section-boxed elementor-section-height-default elementor-section-height-default wpr-particle-no wpr-jarallax-no wpr-parallax-no wpr-sticky-section-no\" data-id=\"1745c96\" data-element_type=\"section\" data-e-type=\"section\">\n\t\t\t\t\t\t<div class=\"elementor-container elementor-column-gap-default\">\n\t\t\t\t\t<div class=\"elementor-column elementor-col-100 elementor-top-column elementor-element elementor-element-754af26\" data-id=\"754af26\" data-element_type=\"column\" data-e-type=\"column\">\n\t\t\t<div class=\"elementor-widget-wrap elementor-element-populated\">\n\t\t\t\t\t\t<div class=\"elementor-element elementor-element-6cae180 elementor-widget elementor-widget-image\" data-id=\"6cae180\" data-element_type=\"widget\" data-e-type=\"widget\" data-widget_type=\"image.default\">\n\t\t\t\t<div class=\"elementor-widget-container\">\n\t\t\t\t\t\t\t\t\t\t\t\t<figure class=\"wp-caption\">\n\t\t\t\t\t\t\t\t\t\t\t<a href=\"https:\/\/www.magneticproductions.es\/ca\/imancorpfoundation\/\">\n\t\t\t\t\t\t\t<img fetchpriority=\"high\" decoding=\"async\" width=\"2560\" height=\"2560\" src=\"https:\/\/www.magneticproductions.es\/wp-content\/uploads\/2025\/07\/logo-redisenado-blanco-scaled.png\" class=\"elementor-animation-shrink attachment-full size-full wp-image-19189\" alt=\"\" srcset=\"https:\/\/www.magneticproductions.es\/wp-content\/uploads\/2025\/07\/logo-redisenado-blanco-scaled.png 2560w, https:\/\/www.magneticproductions.es\/wp-content\/uploads\/2025\/07\/logo-redisenado-blanco-300x300.png 300w, https:\/\/www.magneticproductions.es\/wp-content\/uploads\/2025\/07\/logo-redisenado-blanco-1024x1024.png 1024w, https:\/\/www.magneticproductions.es\/wp-content\/uploads\/2025\/07\/logo-redisenado-blanco-150x150.png 150w, https:\/\/www.magneticproductions.es\/wp-content\/uploads\/2025\/07\/logo-redisenado-blanco-768x768.png 768w, https:\/\/www.magneticproductions.es\/wp-content\/uploads\/2025\/07\/logo-redisenado-blanco-1536x1536.png 1536w, https:\/\/www.magneticproductions.es\/wp-content\/uploads\/2025\/07\/logo-redisenado-blanco-2048x2048.png 2048w, https:\/\/www.magneticproductions.es\/wp-content\/uploads\/2025\/07\/logo-redisenado-blanco-710x710.png 710w, https:\/\/www.magneticproductions.es\/wp-content\/uploads\/2025\/07\/logo-redisenado-blanco-100x100.png 100w\" sizes=\"(max-width: 2560px) 100vw, 2560px\" loading=\"eager\" \/>\t\t\t\t\t\t\t\t<\/a>\n\t\t\t\t\t\t\t\t\t\t\t<figcaption class=\"widget-image-caption wp-caption-text\">GESTI\u00d3N  DE LAS RRSS DE IMANCORP FOUNDATION<\/figcaption>\n\t\t\t\t\t\t\t\t\t\t<\/figure>\n\t\t\t\t\t\t\t\t\t<\/div>\n\t\t\t\t<\/div>\n\t\t\t\t<div class=\"elementor-element elementor-element-90f33dc elementor-widget elementor-widget-image\" data-id=\"90f33dc\" data-element_type=\"widget\" data-e-type=\"widget\" data-widget_type=\"image.default\">\n\t\t\t\t<div class=\"elementor-widget-container\">\n\t\t\t\t\t\t\t\t\t\t\t\t<figure class=\"wp-caption\">\n\t\t\t\t\t\t\t\t\t\t\t<a href=\"https:\/\/www.magneticproductions.es\/ca\/joc-de-cartes\/\">\n\t\t\t\t\t\t\t<img decoding=\"async\" src=\"https:\/\/www.magneticproductions.es\/wp-content\/uploads\/2025\/07\/DSC05224-scaled.jpg\" title=\"DSC05224\" alt=\"DSC05224\" class=\"elementor-animation-shrink\" loading=\"lazy\" \/>\t\t\t\t\t\t\t\t<\/a>\n\t\t\t\t\t\t\t\t\t\t\t<figcaption class=\"widget-image-caption wp-caption-text\">JOC DE CARTES<\/figcaption>\n\t\t\t\t\t\t\t\t\t\t<\/figure>\n\t\t\t\t\t\t\t\t\t<\/div>\n\t\t\t\t<\/div>\n\t\t\t\t<div class=\"elementor-element elementor-element-9a4e1b2 elementor-widget elementor-widget-image\" data-id=\"9a4e1b2\" data-element_type=\"widget\" data-e-type=\"widget\" data-widget_type=\"image.default\">\n\t\t\t\t<div class=\"elementor-widget-container\">\n\t\t\t\t\t\t\t\t\t\t\t\t<figure class=\"wp-caption\">\n\t\t\t\t\t\t\t\t\t\t\t<a href=\"https:\/\/www.magneticproductions.es\/ca\/premis-cambra-terrassa-2025\/\">\n\t\t\t\t\t\t\t<img decoding=\"async\" src=\"https:\/\/www.magneticproductions.es\/wp-content\/uploads\/2025\/07\/DSC04952-scaled.jpg\" title=\"DSC04952\" alt=\"DSC04952\" class=\"elementor-animation-shrink\" loading=\"lazy\" \/>\t\t\t\t\t\t\t\t<\/a>\n\t\t\t\t\t\t\t\t\t\t\t<figcaption class=\"widget-image-caption wp-caption-text\">PREMIS CAMBRA DE TERRASSA 2025<\/figcaption>\n\t\t\t\t\t\t\t\t\t\t<\/figure>\n\t\t\t\t\t\t\t\t\t<\/div>\n\t\t\t\t<\/div>\n\t\t\t\t<div class=\"elementor-element elementor-element-9ad841d elementor-widget elementor-widget-image\" data-id=\"9ad841d\" data-element_type=\"widget\" data-e-type=\"widget\" data-widget_type=\"image.default\">\n\t\t\t\t<div class=\"elementor-widget-container\">\n\t\t\t\t\t\t\t\t\t\t\t\t<figure class=\"wp-caption\">\n\t\t\t\t\t\t\t\t\t\t\t<a href=\"https:\/\/www.magneticproductions.es\/ca\/observatorio-de-competencias-digitales-y-empleo\/\">\n\t\t\t\t\t\t\t<img decoding=\"async\" src=\"https:\/\/www.magneticproductions.es\/wp-content\/uploads\/2025\/07\/DSC04573-scaled.jpg\" title=\"DSC04573\" alt=\"DSC04573\" class=\"elementor-animation-shrink\" loading=\"lazy\" \/>\t\t\t\t\t\t\t\t<\/a>\n\t\t\t\t\t\t\t\t\t\t\t<figcaption class=\"widget-image-caption wp-caption-text\">DIGITALIZACI\u00d3N, CAMBIOS EN LAS OCUPACIONES Y NUEVAS COMPETENCIAS EN EL SECTOR HOSPITALARIO EN ESPA\u00d1A<\/figcaption>\n\t\t\t\t\t\t\t\t\t\t<\/figure>\n\t\t\t\t\t\t\t\t\t<\/div>\n\t\t\t\t<\/div>\n\t\t\t\t<div class=\"elementor-element elementor-element-8030e01 elementor-widget elementor-widget-image\" data-id=\"8030e01\" data-element_type=\"widget\" data-e-type=\"widget\" data-widget_type=\"image.default\">\n\t\t\t\t<div class=\"elementor-widget-container\">\n\t\t\t\t\t\t\t\t\t\t\t\t<figure class=\"wp-caption\">\n\t\t\t\t\t\t\t\t\t\t\t<a href=\"https:\/\/www.magneticproductions.es\/ca\/sant-jordi\/\">\n\t\t\t\t\t\t\t<img decoding=\"async\" src=\"https:\/\/www.magneticproductions.es\/wp-content\/uploads\/2025\/07\/SANTJORDI_FOTO-scaled.jpg\" title=\"SANTJORDI_FOTO\" alt=\"SANTJORDI_FOTO\" class=\"elementor-animation-shrink\" loading=\"lazy\" \/>\t\t\t\t\t\t\t\t<\/a>\n\t\t\t\t\t\t\t\t\t\t\t<figcaption class=\"widget-image-caption wp-caption-text\">SANT JORDI 2025<\/figcaption>\n\t\t\t\t\t\t\t\t\t\t<\/figure>\n\t\t\t\t\t\t\t\t\t<\/div>\n\t\t\t\t<\/div>\n\t\t\t\t<div class=\"elementor-element elementor-element-be32af3 elementor-widget elementor-widget-image\" data-id=\"be32af3\" data-element_type=\"widget\" data-e-type=\"widget\" data-widget_type=\"image.default\">\n\t\t\t\t<div class=\"elementor-widget-container\">\n\t\t\t\t\t\t\t\t\t\t\t\t<figure class=\"wp-caption\">\n\t\t\t\t\t\t\t\t\t\t\t<a href=\"https:\/\/www.magneticproductions.es\/ca\/y-tu-virtud-tambien-llega-tarde\/\">\n\t\t\t\t\t\t\t<img decoding=\"async\" src=\"https:\/\/www.magneticproductions.es\/wp-content\/uploads\/2025\/07\/baja_POSTER_YTUVIRTUDV2-scaled.jpg\" title=\"baja_P\u00d3STER_YTUVIRTUDV2\" alt=\"baja_P\u00d3STER_YTUVIRTUDV2\" class=\"elementor-animation-shrink\" loading=\"lazy\" \/>\t\t\t\t\t\t\t\t<\/a>\n\t\t\t\t\t\t\t\t\t\t\t<figcaption class=\"widget-image-caption wp-caption-text\">Y TU VIRTUD, \u00bfTAMBI\u00c9N LLEGA TARDE?<\/figcaption>\n\t\t\t\t\t\t\t\t\t\t<\/figure>\n\t\t\t\t\t\t\t\t\t<\/div>\n\t\t\t\t<\/div>\n\t\t\t\t<div class=\"elementor-element elementor-element-f74dbe7 elementor-widget elementor-widget-image\" data-id=\"f74dbe7\" data-element_type=\"widget\" data-e-type=\"widget\" data-widget_type=\"image.default\">\n\t\t\t\t<div class=\"elementor-widget-container\">\n\t\t\t\t\t\t\t\t\t\t\t\t<figure class=\"wp-caption\">\n\t\t\t\t\t\t\t\t\t\t\t<a href=\"https:\/\/www.magneticproductions.es\/ca\/no-limit-trail\/\">\n\t\t\t\t\t\t\t<img decoding=\"async\" src=\"https:\/\/www.magneticproductions.es\/wp-content\/uploads\/2025\/07\/MG_8505-scaled.jpg\" title=\"_MG_8505\" alt=\"_MG_8505\" class=\"elementor-animation-shrink\" loading=\"lazy\" \/>\t\t\t\t\t\t\t\t<\/a>\n\t\t\t\t\t\t\t\t\t\t\t<figcaption class=\"widget-image-caption wp-caption-text\">NO LIMIT TRAIL 2025<\/figcaption>\n\t\t\t\t\t\t\t\t\t\t<\/figure>\n\t\t\t\t\t\t\t\t\t<\/div>\n\t\t\t\t<\/div>\n\t\t\t\t<div class=\"elementor-element elementor-element-2ba7ec0 elementor-widget elementor-widget-image\" data-id=\"2ba7ec0\" data-element_type=\"widget\" data-e-type=\"widget\" data-widget_type=\"image.default\">\n\t\t\t\t<div class=\"elementor-widget-container\">\n\t\t\t\t\t\t\t\t\t\t\t\t<figure class=\"wp-caption\">\n\t\t\t\t\t\t\t\t\t\t\t<a href=\"https:\/\/www.magneticproductions.es\/ca\/valentina\/\">\n\t\t\t\t\t\t\t<img decoding=\"async\" src=\"https:\/\/www.magneticproductions.es\/wp-content\/uploads\/2025\/02\/MG_8100-scaled.jpg\" title=\"\" alt=\"\" class=\"elementor-animation-shrink\" loading=\"lazy\" \/>\t\t\t\t\t\t\t\t<\/a>\n\t\t\t\t\t\t\t\t\t\t\t<figcaption class=\"widget-image-caption wp-caption-text\">VALENTINA<\/figcaption>\n\t\t\t\t\t\t\t\t\t\t<\/figure>\n\t\t\t\t\t\t\t\t\t<\/div>\n\t\t\t\t<\/div>\n\t\t\t\t<div class=\"elementor-element elementor-element-29f03cf elementor-widget elementor-widget-image\" data-id=\"29f03cf\" data-element_type=\"widget\" data-e-type=\"widget\" data-widget_type=\"image.default\">\n\t\t\t\t<div class=\"elementor-widget-container\">\n\t\t\t\t\t\t\t\t\t\t\t\t<figure class=\"wp-caption\">\n\t\t\t\t\t\t\t\t\t\t\t<a href=\"https:\/\/www.magneticproductions.es\/ca\/blind-painting\/\">\n\t\t\t\t\t\t\t<img decoding=\"async\" src=\"https:\/\/www.magneticproductions.es\/wp-content\/uploads\/2025\/03\/DSC00078-scaled.jpg\" title=\"DSC00078\" alt=\"DSC00078\" class=\"elementor-animation-shrink\" loading=\"lazy\" \/>\t\t\t\t\t\t\t\t<\/a>\n\t\t\t\t\t\t\t\t\t\t\t<figcaption class=\"widget-image-caption wp-caption-text\">BLIND PAINTING<\/figcaption>\n\t\t\t\t\t\t\t\t\t\t<\/figure>\n\t\t\t\t\t\t\t\t\t<\/div>\n\t\t\t\t<\/div>\n\t\t\t\t\t<\/div>\n\t\t<\/div>\n\t\t\t\t\t<\/div>\n\t\t<\/section>\n\t\t\t\t<section class=\"elementor-section elementor-top-section elementor-element elementor-element-2dbee04 elementor-section-boxed elementor-section-height-default elementor-section-height-default wpr-particle-no wpr-jarallax-no wpr-parallax-no wpr-sticky-section-no\" data-id=\"2dbee04\" data-element_type=\"section\" data-e-type=\"section\">\n\t\t\t\t\t\t<div class=\"elementor-container elementor-column-gap-default\">\n\t\t\t\t\t<div class=\"elementor-column elementor-col-100 elementor-top-column elementor-element elementor-element-57daef2\" data-id=\"57daef2\" data-element_type=\"column\" data-e-type=\"column\">\n\t\t\t<div class=\"elementor-widget-wrap elementor-element-populated\">\n\t\t\t\t\t\t<div class=\"elementor-element elementor-element-c7adcde elementor-widget elementor-widget-spacer\" data-id=\"c7adcde\" data-element_type=\"widget\" data-e-type=\"widget\" data-widget_type=\"spacer.default\">\n\t\t\t\t<div class=\"elementor-widget-container\">\n\t\t\t\t\t\t\t<div class=\"elementor-spacer\">\n\t\t\t<div class=\"elementor-spacer-inner\"><\/div>\n\t\t<\/div>\n\t\t\t\t\t\t<\/div>\n\t\t\t\t<\/div>\n\t\t\t\t\t<\/div>\n\t\t<\/div>\n\t\t\t\t\t<\/div>\n\t\t<\/section>\n\t\t\t\t<\/div>","protected":false},"excerpt":{"rendered":"<p>WORK. PRODUCCI\u00d3N AUDIOVISUAL ESTRATEGIAS DE CONTENIDO COBERTURA DE EVENTOS DISE\u00d1O DE PROYECTOS CAMPA\u00d1AS DE PUBLICIDAD GESTI\u00d3N DE LAS RRSS DE IMANCORP FOUNDATION JOC DE CARTES PREMIS CAMBRA DE TERRASSA 2025 DIGITALIZACI\u00d3N, CAMBIOS EN LAS OCUPACIONES Y NUEVAS COMPETENCIAS EN EL SECTOR HOSPITALARIO EN ESPA\u00d1A SANT JORDI 2025 Y TU VIRTUD, \u00bfTAMBI\u00c9N LLEGA TARDE? NO LIMIT TRAIL 2025 VALENTINA BLIND PAINTING<\/p>","protected":false},"author":2,"featured_media":0,"parent":0,"menu_order":0,"comment_status":"closed","ping_status":"closed","template":"elementor_header_footer","meta":{"footnotes":""},"class_list":["post-17581","page","type-page","status-publish","hentry"],"jetpack_sharing_enabled":true,"_links":{"self":[{"href":"https:\/\/www.magneticproductions.es\/ca\/wp-json\/wp\/v2\/pages\/17581","targetHints":{"allow":["GET"]}}],"collection":[{"href":"https:\/\/www.magneticproductions.es\/ca\/wp-json\/wp\/v2\/pages"}],"about":[{"href":"https:\/\/www.magneticproductions.es\/ca\/wp-json\/wp\/v2\/types\/page"}],"author":[{"embeddable":true,"href":"https:\/\/www.magneticproductions.es\/ca\/wp-json\/wp\/v2\/users\/2"}],"replies":[{"embeddable":true,"href":"https:\/\/www.magneticproductions.es\/ca\/wp-json\/wp\/v2\/comments?post=17581"}],"version-history":[{"count":163,"href":"https:\/\/www.magneticproductions.es\/ca\/wp-json\/wp\/v2\/pages\/17581\/revisions"}],"predecessor-version":[{"id":19198,"href":"https:\/\/www.magneticproductions.es\/ca\/wp-json\/wp\/v2\/pages\/17581\/revisions\/19198"}],"wp:attachment":[{"href":"https:\/\/www.magneticproductions.es\/ca\/wp-json\/wp\/v2\/media?parent=17581"}],"curies":[{"name":"wp","href":"https:\/\/api.w.org\/{rel}","templated":true}]}}