{"id":17593,"date":"2025-02-24T16:48:30","date_gmt":"2025-02-24T15:48:30","guid":{"rendered":"https:\/\/www.magneticproductions.es\/?page_id=17593"},"modified":"2025-07-24T11:19:47","modified_gmt":"2025-07-24T09:19:47","slug":"about-us","status":"publish","type":"page","link":"https:\/\/www.magneticproductions.es\/ca\/about-us\/","title":{"rendered":"SOBRE NOSALTRES"},"content":{"rendered":"<div data-elementor-type=\"wp-page\" data-elementor-id=\"17593\" class=\"elementor elementor-17593\">\n\t\t\t\t\t\t<section class=\"elementor-section elementor-top-section elementor-element elementor-element-97f0c37 elementor-section-boxed elementor-section-height-default elementor-section-height-default wpr-particle-no wpr-jarallax-no wpr-parallax-no wpr-sticky-section-no\" data-id=\"97f0c37\" data-element_type=\"section\" data-e-type=\"section\">\n\t\t\t\t\t\t<div class=\"elementor-container elementor-column-gap-default\">\n\t\t\t\t\t<div class=\"elementor-column elementor-col-66 elementor-top-column elementor-element elementor-element-07bbe85\" data-id=\"07bbe85\" data-element_type=\"column\" data-e-type=\"column\">\n\t\t\t<div class=\"elementor-widget-wrap elementor-element-populated\">\n\t\t\t\t\t\t<div class=\"elementor-element elementor-element-1232613 wpr-fancy-text-zoom wpr-advanced-text-style-animated wpr-animated-text-infinite-yes elementor-widget elementor-widget-wpr-advanced-text\" data-id=\"1232613\" data-element_type=\"widget\" data-e-type=\"widget\" data-settings=\"{&quot;anim_loop&quot;:&quot;yes&quot;}\" data-widget_type=\"wpr-advanced-text.default\">\n\t\t\t\t<div class=\"elementor-widget-container\">\n\t\t\t\t\t\n\t\t<h3 class=\"wpr-advanced-text\">\n\n\t\t\t\t\t\n\t\t\t\n\t\t<span class=\"wpr-anim-text wpr-anim-text-type-zoom\" data-anim-duration=\"1000,2000\" data-anim-loop=\"yes\">\n\t\t\t<span class=\"wpr-anim-text-inner\">\n\t\t\t\t\t\t\t\t\t<b>about us.<\/b>\n\t\t\t\t\t\t\t<\/span>\n\t\t\t\t\t<\/span>\n\n\t\t\t\t\n\t\t<\/h3>\n\t\t\n\t\t\t\t\t\t<\/div>\n\t\t\t\t<\/div>\n\t\t\t\t\t<\/div>\n\t\t<\/div>\n\t\t\t\t<div class=\"elementor-column elementor-col-33 elementor-top-column elementor-element elementor-element-c8e67e6\" data-id=\"c8e67e6\" data-element_type=\"column\" data-e-type=\"column\">\n\t\t\t<div class=\"elementor-widget-wrap\">\n\t\t\t\t\t\t\t<\/div>\n\t\t<\/div>\n\t\t\t\t\t<\/div>\n\t\t<\/section>\n\t\t\t\t<section class=\"elementor-section elementor-top-section elementor-element elementor-element-6eac801 elementor-section-boxed elementor-section-height-default elementor-section-height-default wpr-particle-no wpr-jarallax-no wpr-parallax-no wpr-sticky-section-no\" data-id=\"6eac801\" data-element_type=\"section\" data-e-type=\"section\">\n\t\t\t\t\t\t<div class=\"elementor-container elementor-column-gap-default\">\n\t\t\t\t\t<div class=\"elementor-column elementor-col-66 elementor-top-column elementor-element elementor-element-3659951\" data-id=\"3659951\" data-element_type=\"column\" data-e-type=\"column\">\n\t\t\t<div class=\"elementor-widget-wrap elementor-element-populated\">\n\t\t\t\t\t\t<div class=\"elementor-element elementor-element-2542d04 elementor-widget elementor-widget-text-editor\" data-id=\"2542d04\" data-element_type=\"widget\" data-e-type=\"widget\" data-widget_type=\"text-editor.default\">\n\t\t\t\t<div class=\"elementor-widget-container\">\n\t\t\t\t\t\t\t\t\t<p>Rompemos con lo convencional para crear narrativas que impactan, inspiran y despiertan conciencias. Nos impulsa la necesidad de contar historias que van m\u00e1s all\u00e1 de lo visual, historias que nos hacen sentir, que nos dejan huella y que transforman el mundo.<\/p><p>Respaldados por<strong><span style=\"color: #ff0000;\"> IMANcorp FOUNDATION<\/span><\/strong>, fusionamos arte, activismo y tecnolog\u00eda para producir contenido audiovisual con una fuerza magn\u00e9tica.<\/p><p>Creemos en un audiovisual sin l\u00edmites, sin miedo y con un prop\u00f3sito claro: atraer miradas, provocar di\u00e1logos y generar impacto.<\/p>\t\t\t\t\t\t\t\t<\/div>\n\t\t\t\t<\/div>\n\t\t\t\t\t<\/div>\n\t\t<\/div>\n\t\t\t\t<div class=\"elementor-column elementor-col-33 elementor-top-column elementor-element elementor-element-fe51688\" data-id=\"fe51688\" data-element_type=\"column\" data-e-type=\"column\">\n\t\t\t<div class=\"elementor-widget-wrap\">\n\t\t\t\t\t\t\t<\/div>\n\t\t<\/div>\n\t\t\t\t\t<\/div>\n\t\t<\/section>\n\t\t\t\t<section class=\"elementor-section elementor-top-section elementor-element elementor-element-29d8886 elementor-section-boxed elementor-section-height-default elementor-section-height-default wpr-particle-no wpr-jarallax-no wpr-parallax-no wpr-sticky-section-no\" data-id=\"29d8886\" data-element_type=\"section\" data-e-type=\"section\">\n\t\t\t\t\t\t<div class=\"elementor-container elementor-column-gap-default\">\n\t\t\t\t\t<div class=\"elementor-column elementor-col-66 elementor-top-column elementor-element elementor-element-393fe49\" data-id=\"393fe49\" data-element_type=\"column\" data-e-type=\"column\">\n\t\t\t<div class=\"elementor-widget-wrap\">\n\t\t\t\t\t\t\t<\/div>\n\t\t<\/div>\n\t\t\t\t<div class=\"elementor-column elementor-col-33 elementor-top-column elementor-element elementor-element-c55a4ba\" data-id=\"c55a4ba\" data-element_type=\"column\" data-e-type=\"column\">\n\t\t\t<div class=\"elementor-widget-wrap elementor-element-populated\">\n\t\t\t\t\t\t<div class=\"elementor-element elementor-element-65c55ac animated-slow elementor-invisible elementor-widget elementor-widget-image\" data-id=\"65c55ac\" data-element_type=\"widget\" data-e-type=\"widget\" data-settings=\"{&quot;_animation&quot;:&quot;fadeIn&quot;,&quot;_animation_delay&quot;:1200}\" data-widget_type=\"image.default\">\n\t\t\t\t<div class=\"elementor-widget-container\">\n\t\t\t\t\t\t\t\t\t\t\t\t\t\t\t\t<a href=\"https:\/\/imancorpfoundation.org\/\" target=\"_blank\">\n\t\t\t\t\t\t\t<img fetchpriority=\"high\" decoding=\"async\" width=\"2194\" height=\"1257\" src=\"https:\/\/www.magneticproductions.es\/wp-content\/uploads\/2025\/02\/logo-blanco.png\" class=\"attachment-full size-full wp-image-18239\" alt=\"\" srcset=\"https:\/\/www.magneticproductions.es\/wp-content\/uploads\/2025\/02\/logo-blanco.png 2194w, https:\/\/www.magneticproductions.es\/wp-content\/uploads\/2025\/02\/logo-blanco-300x172.png 300w, https:\/\/www.magneticproductions.es\/wp-content\/uploads\/2025\/02\/logo-blanco-1024x587.png 1024w, https:\/\/www.magneticproductions.es\/wp-content\/uploads\/2025\/02\/logo-blanco-768x440.png 768w, https:\/\/www.magneticproductions.es\/wp-content\/uploads\/2025\/02\/logo-blanco-1536x880.png 1536w, https:\/\/www.magneticproductions.es\/wp-content\/uploads\/2025\/02\/logo-blanco-2048x1173.png 2048w, https:\/\/www.magneticproductions.es\/wp-content\/uploads\/2025\/02\/logo-blanco-1170x670.png 1170w\" sizes=\"(max-width: 2194px) 100vw, 2194px\" loading=\"eager\" \/>\t\t\t\t\t\t\t\t<\/a>\n\t\t\t\t\t\t\t\t\t\t\t\t\t\t\t<\/div>\n\t\t\t\t<\/div>\n\t\t\t\t\t<\/div>\n\t\t<\/div>\n\t\t\t\t\t<\/div>\n\t\t<\/section>\n\t\t\t\t<\/div>","protected":false},"excerpt":{"rendered":"<p>about us. Rompemos con lo convencional para crear narrativas que impactan, inspiran y despiertan conciencias. Nos impulsa la necesidad de contar historias que van m\u00e1s all\u00e1 de lo visual, historias que nos hacen sentir, que nos dejan huella y que transforman el mundo. Respaldados por IMANcorp FOUNDATION, fusionamos arte, activismo y tecnolog\u00eda para producir contenido audiovisual con una fuerza magn\u00e9tica. Creemos en un audiovisual sin l\u00edmites, sin miedo y con un prop\u00f3sito claro: atraer miradas, provocar di\u00e1logos y generar impacto.<\/p>","protected":false},"author":2,"featured_media":0,"parent":0,"menu_order":0,"comment_status":"closed","ping_status":"closed","template":"","meta":{"footnotes":""},"class_list":["post-17593","page","type-page","status-publish","hentry"],"jetpack_sharing_enabled":true,"_links":{"self":[{"href":"https:\/\/www.magneticproductions.es\/ca\/wp-json\/wp\/v2\/pages\/17593","targetHints":{"allow":["GET"]}}],"collection":[{"href":"https:\/\/www.magneticproductions.es\/ca\/wp-json\/wp\/v2\/pages"}],"about":[{"href":"https:\/\/www.magneticproductions.es\/ca\/wp-json\/wp\/v2\/types\/page"}],"author":[{"embeddable":true,"href":"https:\/\/www.magneticproductions.es\/ca\/wp-json\/wp\/v2\/users\/2"}],"replies":[{"embeddable":true,"href":"https:\/\/www.magneticproductions.es\/ca\/wp-json\/wp\/v2\/comments?post=17593"}],"version-history":[{"count":34,"href":"https:\/\/www.magneticproductions.es\/ca\/wp-json\/wp\/v2\/pages\/17593\/revisions"}],"predecessor-version":[{"id":19172,"href":"https:\/\/www.magneticproductions.es\/ca\/wp-json\/wp\/v2\/pages\/17593\/revisions\/19172"}],"wp:attachment":[{"href":"https:\/\/www.magneticproductions.es\/ca\/wp-json\/wp\/v2\/media?parent=17593"}],"curies":[{"name":"wp","href":"https:\/\/api.w.org\/{rel}","templated":true}]}}