{"id":18491,"date":"2025-03-12T10:15:22","date_gmt":"2025-03-12T09:15:22","guid":{"rendered":"https:\/\/www.magneticproductions.es\/?page_id=18491"},"modified":"2026-03-30T09:58:46","modified_gmt":"2026-03-30T07:58:46","slug":"aviso-legal","status":"publish","type":"page","link":"https:\/\/www.magneticproductions.es\/ca\/politica-de-privacidad\/aviso-legal\/","title":{"rendered":"Aviso Legal"},"content":{"rendered":"<div data-elementor-type=\"wp-page\" data-elementor-id=\"18491\" class=\"elementor elementor-18491\">\n\t\t\t\t\t\t<section class=\"elementor-section elementor-top-section elementor-element elementor-element-b33f1a1 elementor-section-boxed elementor-section-height-default elementor-section-height-default wpr-particle-no wpr-jarallax-no wpr-parallax-no wpr-sticky-section-no\" data-id=\"b33f1a1\" data-element_type=\"section\" data-e-type=\"section\">\n\t\t\t\t\t\t<div class=\"elementor-container elementor-column-gap-default\">\n\t\t\t\t\t<div class=\"elementor-column elementor-col-100 elementor-top-column elementor-element elementor-element-a6ac0ea\" data-id=\"a6ac0ea\" data-element_type=\"column\" data-e-type=\"column\">\n\t\t\t<div class=\"elementor-widget-wrap elementor-element-populated\">\n\t\t\t\t\t\t<div class=\"elementor-element elementor-element-633d4af elementor-widget elementor-widget-heading\" data-id=\"633d4af\" data-element_type=\"widget\" data-e-type=\"widget\" data-widget_type=\"heading.default\">\n\t\t\t\t<div class=\"elementor-widget-container\">\n\t\t\t\t\t<h1 class=\"elementor-heading-title elementor-size-default\"><div class=\"magnetic\">Aviso Legal<\/div>\n<br><\/h1>\t\t\t\t<\/div>\n\t\t\t\t<\/div>\n\t\t\t\t<div class=\"elementor-element elementor-element-0acd042 elementor-widget elementor-widget-text-editor\" data-id=\"0acd042\" data-element_type=\"widget\" data-e-type=\"widget\" data-widget_type=\"text-editor.default\">\n\t\t\t\t<div class=\"elementor-widget-container\">\n\t\t\t\t\t\t\t\t\t<p>Esta p\u00e1gina Web es propiedad de Magnetic Studios, S.L., con NIF n\u00ba B65227167 y domicilio en C\/ Azc\u00e1rate, num 8, 08223 Terrassa \u2013 (Barcelona) e inscrita en el Registro de Fundaciones de la Generalitat de Catalunya con el n\u00famero 2931.<\/p><p>Para cualquier consulta o propuesta, cont\u00e1ctenos llamando al tel\u00e9fono + (34) 93.780.95.77 o en el e-mail &#8211; <a href=\"mailto:metodos@delegado-datos.com\">metodos@delegado-datos.com<\/a>.<\/p><p>Asimismo, ponemos a su disposici\u00f3n un Delegado de Protecci\u00f3n de Datos que, no s\u00f3lo se encargar\u00e1 de supervisar todos los tratamientos de datos que se realicen en nuestra entidad, sino que, podr\u00e1 atenderles para cualquier cuesti\u00f3n relacionada con el tratamiento de datos. Los datos de contacto de nuestro delegado de protecci\u00f3n de datos son: <a href=\"mailto:iman@delegado-datos.com\">iman@delegado-datos.com<\/a>.<\/p><p>Esta p\u00e1gina Web se rige por la normativa exclusivamente aplicable en Espa\u00f1a, quedando sometida a ella, tanto nacionales como extranjeros que utilicen esta Web.<\/p><p>El acceso a nuestra p\u00e1gina Web por parte de la PERSONA USUARIA es gratuito y su uso se rige por las condiciones de uso vigentes en el momento del acceso, que rogamos lea detenidamente. Si la PERSONA USUARIA no estuviere de acuerdo con las presentes condiciones de uso, deber\u00e1 abstenerse de utilizar este portal y operar por medio del mismo, pudiendo contactar con nosotros para que le resolvamos cualquier duda en relaci\u00f3n a las mismas.<\/p><p>El suministro de datos personales a trav\u00e9s de nuestro portal requiere una edad m\u00ednima de 14 a\u00f1os, o en su caso, disponer de capacidad jur\u00eddica suficiente para contratar.<\/p><p>En cualquier momento podremos modificar la presentaci\u00f3n y configuraci\u00f3n de nuestra Web, ampliar o reducir servicios, e incluso suprimirla de la Red, as\u00ed como los servicios y contenidos prestados.<\/p>\t\t\t\t\t\t\t\t<\/div>\n\t\t\t\t<\/div>\n\t\t\t\t<div class=\"elementor-element elementor-element-b51233d elementor-widget elementor-widget-heading\" data-id=\"b51233d\" data-element_type=\"widget\" data-e-type=\"widget\" data-widget_type=\"heading.default\">\n\t\t\t\t<div class=\"elementor-widget-container\">\n\t\t\t\t\t<h3 class=\"elementor-heading-title elementor-size-default\"><div class=\"magnetic\"><br>A. PROPIEDAD INTELECTUAL<\/div><\/h3>\t\t\t\t<\/div>\n\t\t\t\t<\/div>\n\t\t\t\t<div class=\"elementor-element elementor-element-ab7932a elementor-widget elementor-widget-text-editor\" data-id=\"ab7932a\" data-element_type=\"widget\" data-e-type=\"widget\" data-widget_type=\"text-editor.default\">\n\t\t\t\t<div class=\"elementor-widget-container\">\n\t\t\t\t\t\t\t\t\t<p>\u00a0<\/p><p>Todos los contenidos, textos, im\u00e1genes, y c\u00f3digos fuente son propiedad de Magnetic Studios, S.L. o de terceros a los que se han adquirido sus derechos de explotaci\u00f3n, y est\u00e1n protegidos por los derechos de Propiedad Intelectual e Industrial.<\/p><p>La PERSONA USUARIA \u00fanicamente tiene derecho a un uso privado de los mismos, sin \u00e1nimo de lucro, y necesita autorizaci\u00f3n expresa para modificarlos, reproducirlos, explotarlos, distribuirlos o ejercer cualquier derecho perteneciente a su titular.<\/p><p>Magnetic Studios, S.L. es una marca registrada, y est\u00e1 prohibida su reproducci\u00f3n, imitaci\u00f3n, utilizaci\u00f3n o inserci\u00f3n de estas marcas sin nuestra debida autorizaci\u00f3n.<\/p><p>El establecimiento de enlaces a nuestro portal no confiere ning\u00fan derecho sobre el mismo. Asimismo, el simple hecho de establecer un enlace a nuestra p\u00e1gina web no da derecho a otorgarse la categor\u00eda de colaborador o socio.<\/p><p>Magnetic Studios, S.L. queda exonerado de responsabilidad por cualquier reclamaci\u00f3n respecto a los derechos de propiedad intelectual de los art\u00edculos e im\u00e1genes publicadas por terceros en su portal.<\/p><p>Est\u00e1 absolutamente prohibida la imitaci\u00f3n ya sea total o parcial de nuestro portal o el establecimiento de enlaces a nuestra p\u00e1gina web sin la autorizaci\u00f3n previa de Magnetic Studios, S.L..<\/p>\t\t\t\t\t\t\t\t<\/div>\n\t\t\t\t<\/div>\n\t\t\t\t<div class=\"elementor-element elementor-element-1f181aa elementor-widget elementor-widget-heading\" data-id=\"1f181aa\" data-element_type=\"widget\" data-e-type=\"widget\" data-widget_type=\"heading.default\">\n\t\t\t\t<div class=\"elementor-widget-container\">\n\t\t\t\t\t<h3 class=\"elementor-heading-title elementor-size-default\"><br>\n<div class=\"magnetic\">B. CONDICIONES DE ACCESO Y USO<\/div><\/h3>\t\t\t\t<\/div>\n\t\t\t\t<\/div>\n\t\t\t\t<div class=\"elementor-element elementor-element-8d999bb elementor-widget elementor-widget-text-editor\" data-id=\"8d999bb\" data-element_type=\"widget\" data-e-type=\"widget\" data-widget_type=\"text-editor.default\">\n\t\t\t\t<div class=\"elementor-widget-container\">\n\t\t\t\t\t\t\t\t\t<p>\u00a0<\/p><p>El acceso a nuestra p\u00e1gina Web es gratuito y no exige suscripci\u00f3n o registro previo.<\/p><p>El env\u00edo de datos personales implica la aceptaci\u00f3n expresa por parte de la PERSONA USUARIA de nuestra pol\u00edtica de privacidad.<\/p><p>La PERSONA USUARIA debe acceder a nuestra p\u00e1gina Web conforme a la buena fe, las normas de orden p\u00fablico y a las presentes Condiciones Generales de uso. El acceso a nuestro sitio Web se realiza bajo la propia y exclusiva responsabilidad de la PERSONA USUARIA, que responder\u00e1 en todo caso de los da\u00f1os y perjuicios que pueda causar a terceros o a nosotros mismos.<\/p><p>La PERSONA USUARIA tiene expresamente prohibida la utilizaci\u00f3n y obtenci\u00f3n de los servicios y contenidos ofrecidos en la presente p\u00e1gina web, por procedimientos distintos a los estipulados en las presentes condiciones de uso.<\/p><p>La PERSONA USUARIA tiene prohibido cualquier tipo de acci\u00f3n sobre nuestro portal que origine una excesiva sobrecarga de funcionamiento a nuestros sistemas inform\u00e1ticos, as\u00ed como la introducci\u00f3n de virus, o instalaci\u00f3n de robots, o software que altere el normal funcionamiento de nuestra web, o en definitiva pueda causar da\u00f1os a nuestros sistemas inform\u00e1ticos.<\/p><p>Teniendo en cuenta la dificultad de control respecto a la informaci\u00f3n, contenidos y servicios que contengan p\u00e1ginas web de terceros disponibles desde nuestra p\u00e1gina web, le comunicamos que Magnetic Studios, S.L., no se hace responsable de los mismos, sin perjuicio de que intentar\u00e1, en la medida de lo posible, velar por su legalidad.<\/p><p>Magnetic Studios, S.L. se reserva el derecho a dar de baja a cualquier PERSONA USUARIA que la organizaci\u00f3n entienda que ha vulnerado las condiciones que rigen el uso de nuestra p\u00e1gina web. Asimismo, se reserva el derecho de ejercitar las acciones legales oportunas contra aquellos que vulneren las presentes condiciones generales de uso.<\/p>\t\t\t\t\t\t\t\t<\/div>\n\t\t\t\t<\/div>\n\t\t\t\t<div class=\"elementor-element elementor-element-5213433 elementor-widget__width-initial elementor-widget elementor-widget-heading\" data-id=\"5213433\" data-element_type=\"widget\" data-e-type=\"widget\" data-widget_type=\"heading.default\">\n\t\t\t\t<div class=\"elementor-widget-container\">\n\t\t\t\t\t<h3 class=\"elementor-heading-title elementor-size-default\"><br>\n<div class=\"magnetic\">C. POL\u00cdTICA DE PRIVACIDAD<\/div><\/h3>\t\t\t\t<\/div>\n\t\t\t\t<\/div>\n\t\t\t\t<div class=\"elementor-element elementor-element-3f173d8 elementor-widget elementor-widget-text-editor\" data-id=\"3f173d8\" data-element_type=\"widget\" data-e-type=\"widget\" data-widget_type=\"text-editor.default\">\n\t\t\t\t<div class=\"elementor-widget-container\">\n\t\t\t\t\t\t\t\t\t<p>\u00a0<\/p><p>La confidencialidad y la seguridad son valores primordiales de Magnetic Studios, S.L. y, en consecuencia, asumimos el compromiso de garantizar la privacidad de la PERSONA USUARIA en todo momento y de no recabar informaci\u00f3n innecesaria.<\/p><p>El suministro de datos personales a trav\u00e9s de nuestro portal requiere una edad m\u00ednima de 14 a\u00f1os y la aceptaci\u00f3n expresa de nuestra <a href=\"https:\/\/www.magneticproductions.es\/ca\/politica-de-privacidad\/\"><u>Pol\u00edtica de Privacidad<\/u><\/a>.<\/p>\t\t\t\t\t\t\t\t<\/div>\n\t\t\t\t<\/div>\n\t\t\t\t<div class=\"elementor-element elementor-element-ede8571 elementor-widget elementor-widget-heading\" data-id=\"ede8571\" data-element_type=\"widget\" data-e-type=\"widget\" data-widget_type=\"heading.default\">\n\t\t\t\t<div class=\"elementor-widget-container\">\n\t\t\t\t\t<h3 class=\"elementor-heading-title elementor-size-default\"><br>\n<div class=\"magnetic\">D. RESPONSABILIDADES<\/div><\/h3>\t\t\t\t<\/div>\n\t\t\t\t<\/div>\n\t\t\t\t<div class=\"elementor-element elementor-element-84db9a7 elementor-widget elementor-widget-text-editor\" data-id=\"84db9a7\" data-element_type=\"widget\" data-e-type=\"widget\" data-widget_type=\"text-editor.default\">\n\t\t\t\t<div class=\"elementor-widget-container\">\n\t\t\t\t\t\t\t\t\t<p>\u00a0<\/p><p>Al poner a disposici\u00f3n de la PERSONA USUARIA esta p\u00e1gina Web queremos ofrecerle un servicio de calidad, utilizando la m\u00e1xima diligencia en la prestaci\u00f3n del mismo, as\u00ed como en los medios tecnol\u00f3gicos utilizados. No obstante, Magnetic Studios, S.L. no garantiza que la disponibilidad del servicio sea continua e ininterrumpida, por circunstancias originadas por problemas en la red de Internet, aver\u00edas en los dispositivos inform\u00e1ticos u otras circunstancias imprevisibles, de manera que la PERSONA USUARIA acepta soportar dentro de unos l\u00edmites razonables estas circunstancias.<\/p><p>Esta p\u00e1gina web, salvo lo regulado, en su caso, por algunas condiciones de uso espec\u00edficas, es puramente informativa y de presentaci\u00f3n corporativa de nuestros productos y servicios, por lo que Magnetic Studios, S.L. no se responsabiliza por las expectativas de cualquier tipo que pueda generar a la PERSONA USUARIA.<\/p><p>Todo lo referente a nuestra p\u00e1gina web, se rige exclusivamente por las leyes espa\u00f1olas. En el caso de que se produzca cualquier tipo de discrepancia o diferencia entre las partes en relaci\u00f3n con la interpretaci\u00f3n y contenido de la presente p\u00e1gina web, todas las partes se someten a los Juzgados y Tribunales que legalmente correspondan.<\/p><p>El suministro de datos personales a trav\u00e9s de nuestro portal requiere una edad m\u00ednima de 14 a\u00f1os y la aceptaci\u00f3n expresa de nuestra <a href=\"https:\/\/www.magneticproductions.es\/ca\/politica-de-privacidad\/\"><u>Pol\u00edtica de Privacidad<\/u><\/a>.<\/p>\t\t\t\t\t\t\t\t<\/div>\n\t\t\t\t<\/div>\n\t\t\t\t<div class=\"elementor-element elementor-element-757c2e8 elementor-widget elementor-widget-heading\" data-id=\"757c2e8\" data-element_type=\"widget\" data-e-type=\"widget\" data-widget_type=\"heading.default\">\n\t\t\t\t<div class=\"elementor-widget-container\">\n\t\t\t\t\t<h3 class=\"elementor-heading-title elementor-size-default\"><br>\n<div class=\"magnetic\">E. VIGENCIA DE LAS CONDICIONES GENERALES DE ACCESO A LA WEB\n<\/div><\/h3>\t\t\t\t<\/div>\n\t\t\t\t<\/div>\n\t\t\t\t<div class=\"elementor-element elementor-element-5dec7eb elementor-widget elementor-widget-text-editor\" data-id=\"5dec7eb\" data-element_type=\"widget\" data-e-type=\"widget\" data-widget_type=\"text-editor.default\">\n\t\t\t\t<div class=\"elementor-widget-container\">\n\t\t\t\t\t\t\t\t\t<p>\u00a0<\/p><p>Las presentes Condiciones Generales de Uso han sido modificadas con fecha 19\/03\/2026. En cualquier momento podemos proceder a su modificaci\u00f3n: por favor, compruebe la fecha de emisi\u00f3n en cada ocasi\u00f3n en que se conecte a nuestra p\u00e1gina Web y as\u00ed tendr\u00e1 la certeza de que no se ha producido modificaci\u00f3n alguna que le afecte.<\/p><p>Para cualquier cuesti\u00f3n respecto a las Condiciones de Uso de nuestra p\u00e1gina web, puede ponerse en contacto con nosotros en los datos arriba indicados, o con Lant Abogados en <a href=\"mailto:info@lant-abogados.com\">info@lant-abogados.com<\/a> o en <a href=\"https:\/\/www.lant-abogados.com\/\">https:\/\/www.lant-abogados.com\/<\/a>.<\/p>\t\t\t\t\t\t\t\t<\/div>\n\t\t\t\t<\/div>\n\t\t\t\t\t<\/div>\n\t\t<\/div>\n\t\t\t\t\t<\/div>\n\t\t<\/section>\n\t\t\t\t<\/div>","protected":false},"excerpt":{"rendered":"<p>Aviso Legal Esta p\u00e1gina Web es propiedad de Magnetic Studios, S.L., con NIF n\u00ba B65227167 y domicilio en C\/ Azc\u00e1rate, num 8, 08223 Terrassa \u2013 (Barcelona) e inscrita en el Registro de Fundaciones de la Generalitat de Catalunya con el n\u00famero 2931. Para cualquier consulta o propuesta, cont\u00e1ctenos llamando al tel\u00e9fono + (34) 93.780.95.77 o en el e-mail &#8211; metodos@delegado-datos.com. Asimismo, ponemos a su disposici\u00f3n un Delegado de Protecci\u00f3n de Datos que, no s\u00f3lo se encargar\u00e1 de supervisar todos los tratamientos de datos que se realicen en nuestra entidad, sino que, podr\u00e1 atenderles para cualquier cuesti\u00f3n relacionada con el tratamiento de datos. Los datos de contacto de nuestro delegado de protecci\u00f3n de datos son: iman@delegado-datos.com. Esta p\u00e1gina Web se rige por la normativa exclusivamente aplicable en Espa\u00f1a, quedando sometida a ella, tanto nacionales como extranjeros que utilicen esta Web. El acceso a nuestra p\u00e1gina Web por parte de la PERSONA USUARIA es gratuito y su uso se rige por las condiciones de uso vigentes en el momento del acceso, que rogamos lea detenidamente. Si la PERSONA USUARIA no estuviere de acuerdo con las presentes condiciones de uso, deber\u00e1 abstenerse de utilizar este portal y operar por medio del mismo, pudiendo contactar con nosotros para que le resolvamos cualquier duda en relaci\u00f3n a las mismas. El suministro de datos personales a trav\u00e9s de nuestro portal requiere una edad m\u00ednima de 14 a\u00f1os, o en su caso, disponer de capacidad jur\u00eddica suficiente para contratar. En cualquier momento podremos modificar la presentaci\u00f3n y configuraci\u00f3n de nuestra Web, ampliar o reducir servicios, e incluso suprimirla de la Red, as\u00ed como los servicios y contenidos prestados. A. PROPIEDAD INTELECTUAL \u00a0 Todos los contenidos, textos, im\u00e1genes, y c\u00f3digos fuente son propiedad de Magnetic Studios, S.L. o de terceros a los que se han adquirido sus derechos de explotaci\u00f3n, y est\u00e1n protegidos por los derechos de Propiedad Intelectual e Industrial. La PERSONA USUARIA \u00fanicamente tiene derecho a un uso privado de los mismos, sin \u00e1nimo de lucro, y necesita autorizaci\u00f3n expresa para modificarlos, reproducirlos, explotarlos, distribuirlos o ejercer cualquier derecho perteneciente a su titular. Magnetic Studios, S.L. es una marca registrada, y est\u00e1 prohibida su reproducci\u00f3n, imitaci\u00f3n, utilizaci\u00f3n o inserci\u00f3n de estas marcas sin nuestra debida autorizaci\u00f3n. El establecimiento de enlaces a nuestro portal no confiere ning\u00fan derecho sobre el mismo. Asimismo, el simple hecho de establecer un enlace a nuestra p\u00e1gina web no da derecho a otorgarse la categor\u00eda de colaborador o socio. Magnetic Studios, S.L. queda exonerado de responsabilidad por cualquier reclamaci\u00f3n respecto a los derechos de propiedad intelectual de los art\u00edculos e im\u00e1genes publicadas por terceros en su portal. Est\u00e1 absolutamente prohibida la imitaci\u00f3n ya sea total o parcial de nuestro portal o el establecimiento de enlaces a nuestra p\u00e1gina web sin la autorizaci\u00f3n previa de Magnetic Studios, S.L.. B. CONDICIONES DE ACCESO Y USO \u00a0 El acceso a nuestra p\u00e1gina Web es gratuito y no exige suscripci\u00f3n o registro previo. El env\u00edo de datos personales implica la aceptaci\u00f3n expresa por parte de la PERSONA USUARIA de nuestra pol\u00edtica de privacidad. La PERSONA USUARIA debe acceder a nuestra p\u00e1gina Web conforme a la buena fe, las normas de orden p\u00fablico y a las presentes Condiciones Generales de uso. El acceso a nuestro sitio Web se realiza bajo la propia y exclusiva responsabilidad de la PERSONA USUARIA, que responder\u00e1 en todo caso de los da\u00f1os y perjuicios que pueda causar a terceros o a nosotros mismos. La PERSONA USUARIA tiene expresamente prohibida la utilizaci\u00f3n y obtenci\u00f3n de los servicios y contenidos ofrecidos en la presente p\u00e1gina web, por procedimientos distintos a los estipulados en las presentes condiciones de uso. La PERSONA USUARIA tiene prohibido cualquier tipo de acci\u00f3n sobre nuestro portal que origine una excesiva sobrecarga de funcionamiento a nuestros sistemas inform\u00e1ticos, as\u00ed como la introducci\u00f3n de virus, o instalaci\u00f3n de robots, o software que altere el normal funcionamiento de nuestra web, o en definitiva pueda causar da\u00f1os a nuestros sistemas inform\u00e1ticos. Teniendo en cuenta la dificultad de control respecto a la informaci\u00f3n, contenidos y servicios que contengan p\u00e1ginas web de terceros disponibles desde nuestra p\u00e1gina web, le comunicamos que Magnetic Studios, S.L., no se hace responsable de los mismos, sin perjuicio de que intentar\u00e1, en la medida de lo posible, velar por su legalidad. Magnetic Studios, S.L. se reserva el derecho a dar de baja a cualquier PERSONA USUARIA que la organizaci\u00f3n entienda que ha vulnerado las condiciones que rigen el uso de nuestra p\u00e1gina web. Asimismo, se reserva el derecho de ejercitar las acciones legales oportunas contra aquellos que vulneren las presentes condiciones generales de uso. C. POL\u00cdTICA DE PRIVACIDAD \u00a0 La confidencialidad y la seguridad son valores primordiales de Magnetic Studios, S.L. y, en consecuencia, asumimos el compromiso de garantizar la privacidad de la PERSONA USUARIA en todo momento y de no recabar informaci\u00f3n innecesaria. El suministro de datos personales a trav\u00e9s de nuestro portal requiere una edad m\u00ednima de 14 a\u00f1os y la aceptaci\u00f3n expresa de nuestra Pol\u00edtica de Privacidad. D. RESPONSABILIDADES \u00a0 Al poner a disposici\u00f3n de la PERSONA USUARIA esta p\u00e1gina Web queremos ofrecerle un servicio de calidad, utilizando la m\u00e1xima diligencia en la prestaci\u00f3n del mismo, as\u00ed como en los medios tecnol\u00f3gicos utilizados. No obstante, Magnetic Studios, S.L. no garantiza que la disponibilidad del servicio sea continua e ininterrumpida, por circunstancias originadas por problemas en la red de Internet, aver\u00edas en los dispositivos inform\u00e1ticos u otras circunstancias imprevisibles, de manera que la PERSONA USUARIA acepta soportar dentro de unos l\u00edmites razonables estas circunstancias. Esta p\u00e1gina web, salvo lo regulado, en su caso, por algunas condiciones de uso espec\u00edficas, es puramente informativa y de presentaci\u00f3n corporativa de nuestros productos y servicios, por lo que Magnetic Studios, S.L. no se responsabiliza por las expectativas de cualquier tipo que pueda generar a la PERSONA USUARIA. Todo lo referente a nuestra p\u00e1gina web, se rige exclusivamente por las leyes espa\u00f1olas. En el caso de que se produzca cualquier tipo de discrepancia o diferencia entre las partes en relaci\u00f3n con la interpretaci\u00f3n<\/p>","protected":false},"author":2,"featured_media":0,"parent":18494,"menu_order":0,"comment_status":"closed","ping_status":"closed","template":"","meta":{"footnotes":""},"class_list":["post-18491","page","type-page","status-publish","hentry"],"jetpack_sharing_enabled":true,"_links":{"self":[{"href":"https:\/\/www.magneticproductions.es\/ca\/wp-json\/wp\/v2\/pages\/18491","targetHints":{"allow":["GET"]}}],"collection":[{"href":"https:\/\/www.magneticproductions.es\/ca\/wp-json\/wp\/v2\/pages"}],"about":[{"href":"https:\/\/www.magneticproductions.es\/ca\/wp-json\/wp\/v2\/types\/page"}],"author":[{"embeddable":true,"href":"https:\/\/www.magneticproductions.es\/ca\/wp-json\/wp\/v2\/users\/2"}],"replies":[{"embeddable":true,"href":"https:\/\/www.magneticproductions.es\/ca\/wp-json\/wp\/v2\/comments?post=18491"}],"version-history":[{"count":46,"href":"https:\/\/www.magneticproductions.es\/ca\/wp-json\/wp\/v2\/pages\/18491\/revisions"}],"predecessor-version":[{"id":19524,"href":"https:\/\/www.magneticproductions.es\/ca\/wp-json\/wp\/v2\/pages\/18491\/revisions\/19524"}],"up":[{"embeddable":true,"href":"https:\/\/www.magneticproductions.es\/ca\/wp-json\/wp\/v2\/pages\/18494"}],"wp:attachment":[{"href":"https:\/\/www.magneticproductions.es\/ca\/wp-json\/wp\/v2\/media?parent=18491"}],"curies":[{"name":"wp","href":"https:\/\/api.w.org\/{rel}","templated":true}]}}