{"id":18496,"date":"2025-03-12T10:17:14","date_gmt":"2025-03-12T09:17:14","guid":{"rendered":"https:\/\/www.magneticproductions.es\/?page_id=18496"},"modified":"2026-03-26T12:17:34","modified_gmt":"2026-03-26T11:17:34","slug":"cookies","status":"publish","type":"page","link":"https:\/\/www.magneticproductions.es\/ca\/cookies\/","title":{"rendered":"Cookies"},"content":{"rendered":"<div data-elementor-type=\"wp-page\" data-elementor-id=\"18496\" class=\"elementor elementor-18496\">\n\t\t\t\t\t\t<section class=\"elementor-section elementor-top-section elementor-element elementor-element-ffdb466 elementor-section-boxed elementor-section-height-default elementor-section-height-default wpr-particle-no wpr-jarallax-no wpr-parallax-no wpr-sticky-section-no\" data-id=\"ffdb466\" data-element_type=\"section\" data-e-type=\"section\">\n\t\t\t\t\t\t<div class=\"elementor-container elementor-column-gap-default\">\n\t\t\t\t\t<div class=\"elementor-column elementor-col-100 elementor-top-column elementor-element elementor-element-8aea028\" data-id=\"8aea028\" data-element_type=\"column\" data-e-type=\"column\">\n\t\t\t<div class=\"elementor-widget-wrap elementor-element-populated\">\n\t\t\t\t\t\t<div class=\"elementor-element elementor-element-d7bb91a elementor-widget elementor-widget-heading\" data-id=\"d7bb91a\" data-element_type=\"widget\" data-e-type=\"widget\" data-widget_type=\"heading.default\">\n\t\t\t\t<div class=\"elementor-widget-container\">\n\t\t\t\t\t<h1 class=\"elementor-heading-title elementor-size-default\"><div class=\"magnetic\">Pol\u00edtica de Cookies<\/div>\n<br><br><\/h1>\t\t\t\t<\/div>\n\t\t\t\t<\/div>\n\t\t\t\t<div class=\"elementor-element elementor-element-01fadc7 elementor-widget elementor-widget-heading\" data-id=\"01fadc7\" data-element_type=\"widget\" data-e-type=\"widget\" data-widget_type=\"heading.default\">\n\t\t\t\t<div class=\"elementor-widget-container\">\n\t\t\t\t\t<h3 class=\"elementor-heading-title elementor-size-default\"><div class=\"magnetic\">\u00bfQu\u00e9 son las cookies? <\/div><\/h3>\t\t\t\t<\/div>\n\t\t\t\t<\/div>\n\t\t\t\t<div class=\"elementor-element elementor-element-6f6e858 elementor-widget elementor-widget-text-editor\" data-id=\"6f6e858\" data-element_type=\"widget\" data-e-type=\"widget\" data-widget_type=\"text-editor.default\">\n\t\t\t\t<div class=\"elementor-widget-container\">\n\t\t\t\t\t\t\t\t\t<p>Las cookies son peque\u00f1os archivos de datos que se reciben en el terminal desde el sitio Web visitado y se usan para registrar ciertas interacciones de la navegaci\u00f3n en un sitio Web almacenando datos que podr\u00e1n ser actualizados y recuperados. Estos archivos se almacenan en el ordenador del usuario y contiene datos an\u00f3nimos que no son perjudiciales para su equipo. Se utilizan para recordar las preferencias del usuario, como el idioma seleccionado, datos de acceso o personalizaci\u00f3n de la p\u00e1gina.<\/p><p>Las Cookies tambi\u00e9n pueden ser utilizadas para registrar informaci\u00f3n an\u00f3nima acerca de c\u00f3mo un visitante utiliza un sitio. Por ejemplo, desde qu\u00e9 p\u00e1gina Web ha accedido, o si ha utilizado un \u00abbanner\u00bb publicitario para llegar.<\/p><p>\u00a0<\/p>\t\t\t\t\t\t\t\t<\/div>\n\t\t\t\t<\/div>\n\t\t\t\t<div class=\"elementor-element elementor-element-519a9c3 elementor-widget elementor-widget-heading\" data-id=\"519a9c3\" data-element_type=\"widget\" data-e-type=\"widget\" data-widget_type=\"heading.default\">\n\t\t\t\t<div class=\"elementor-widget-container\">\n\t\t\t\t\t<h3 class=\"elementor-heading-title elementor-size-default\"><div class=\"magnetic\">\u00bfQu\u00e9 uso le damos a los diferentes tipos de cookies? <\/div>\n<br><\/h3>\t\t\t\t<\/div>\n\t\t\t\t<\/div>\n\t\t\t\t<div class=\"elementor-element elementor-element-783583d elementor-widget elementor-widget-heading\" data-id=\"783583d\" data-element_type=\"widget\" data-e-type=\"widget\" data-widget_type=\"heading.default\">\n\t\t\t\t<div class=\"elementor-widget-container\">\n\t\t\t\t\t<h6 class=\"elementor-heading-title elementor-size-default\"><br>\n<div class=\"magnetic\">Seg\u00fan su finalidad:<\/div><\/h6>\t\t\t\t<\/div>\n\t\t\t\t<\/div>\n\t\t\t\t<div class=\"elementor-element elementor-element-4219259 elementor-widget elementor-widget-text-editor\" data-id=\"4219259\" data-element_type=\"widget\" data-e-type=\"widget\" data-widget_type=\"text-editor.default\">\n\t\t\t\t<div class=\"elementor-widget-container\">\n\t\t\t\t\t\t\t\t\t<p><strong>\u00a0<\/strong><\/p><table><tbody><tr><td width=\"25%\"><strong>Cookies t\u00e9cnicas<\/strong><\/td><td width=\"75%\"><p>\u00a0<\/p><p>Las cookies t\u00e9cnicas son aquellas facilitan la navegaci\u00f3n del usuario y la utilizaci\u00f3n de las diferentes opciones o servicios que ofrece la web como identificar la sesi\u00f3n, permitir el acceso a determinadas \u00e1reas, facilitar pedidos, compras, cumplimentaci\u00f3n de formularios, inscripciones, seguridad, facilitar funcionalidades (videos, redes sociales\u2026).<\/p><p>\u00a0<\/p><\/td><\/tr><tr><td width=\"25%\"><strong>C<\/strong><strong>ookies de personalizaci\u00f3n<\/strong><\/td><td width=\"75%\"><p>\u00a0<\/p><p>Las cookies de personalizaci\u00f3n permiten al usuario acceder a los servicios seg\u00fan sus preferencias (idioma, navegador, configuraci\u00f3n\u2026).<\/p><p>\u00a0<\/p><\/td><\/tr><tr><td width=\"25%\"><strong>Cookies anal\u00edticas<\/strong><\/td><td width=\"75%\"><p>\u00a0<\/p><p>Las cookies de an\u00e1lisis son las utilizadas para llevar a cabo el an\u00e1lisis an\u00f3nimo del comportamiento de los usuarios de la web y que permiten medir la actividad del usuario y elaborar perfiles de navegaci\u00f3n con el fin objetivo de mejorar los sitios web.<\/p><p>\u00a0<\/p><\/td><\/tr><tr><td width=\"25%\"><strong>\u00a0<\/strong><strong>Cookies publicitarias<\/strong><\/td><td width=\"75%\"><p>\u00a0<\/p><p>Las cookies publicitarias permiten la gesti\u00f3n de los espacios publicitarios de la web. Adem\u00e1s, estas cookies pueden ser de publicidad personalizada y permitir as\u00ed la gesti\u00f3n de los espacios publicitarios de la web en base al comportamiento y h\u00e1bitos de navegaci\u00f3n de usuario, de donde se obtiene su perfil y permiten personalizar la publicidad que se muestra en el navegador del usuario u otros perfiles y redes sociales del usuario.<\/p><p>\u00a0<\/p><\/td><\/tr><\/tbody><\/table><p><strong>\u00a0<\/strong><\/p><p><strong>\u00a0<\/strong><\/p><p><strong>\u00a0<\/strong><\/p><p><strong>\u00a0<\/strong><\/p>\t\t\t\t\t\t\t\t<\/div>\n\t\t\t\t<\/div>\n\t\t\t\t<div class=\"elementor-element elementor-element-e2096d5 elementor-widget elementor-widget-heading\" data-id=\"e2096d5\" data-element_type=\"widget\" data-e-type=\"widget\" data-widget_type=\"heading.default\">\n\t\t\t\t<div class=\"elementor-widget-container\">\n\t\t\t\t\t<h6 class=\"elementor-heading-title elementor-size-default\"><br>\n<div class=\"magnetic\">Seg\u00fan su plazo:<\/div><\/h6>\t\t\t\t<\/div>\n\t\t\t\t<\/div>\n\t\t\t\t<div class=\"elementor-element elementor-element-167c141 elementor-widget elementor-widget-text-editor\" data-id=\"167c141\" data-element_type=\"widget\" data-e-type=\"widget\" data-widget_type=\"text-editor.default\">\n\t\t\t\t<div class=\"elementor-widget-container\">\n\t\t\t\t\t\t\t\t\t<table><tbody><tr><td width=\"25%\"><strong>Cookies de sesi\u00f3n<\/strong><\/td><td width=\"75%\"><p>\u00a0<\/p><p>Las cookies de sesi\u00f3n son aquellas que duran el tiempo que el usuario est\u00e1 navegando por la p\u00e1gina Web y se borran al cerrar el navegador.<\/p><p>\u00a0<\/p><\/td><\/tr><tr><td width=\"25%\"><strong>\u00a0<\/strong><strong>Cookies persistentes<\/strong><\/td><td width=\"75%\"><p>\u00a0<\/p><p>Estas cookies quedan almacenadas en el terminal del usuario hasta que son eliminadas manualmente o haya concluido el periodo de duraci\u00f3n establecido para dicha cookie.<\/p><p>\u00a0<\/p><\/td><\/tr><\/tbody><\/table>\t\t\t\t\t\t\t\t<\/div>\n\t\t\t\t<\/div>\n\t\t\t\t<div class=\"elementor-element elementor-element-b8c9464 elementor-widget elementor-widget-heading\" data-id=\"b8c9464\" data-element_type=\"widget\" data-e-type=\"widget\" data-widget_type=\"heading.default\">\n\t\t\t\t<div class=\"elementor-widget-container\">\n\t\t\t\t\t<h6 class=\"elementor-heading-title elementor-size-default\"><br>\n<div class=\"magnetic\">Seg\u00fan su titularidad:<\/div><\/h6>\t\t\t\t<\/div>\n\t\t\t\t<\/div>\n\t\t\t\t<div class=\"elementor-element elementor-element-a1b4237 elementor-widget elementor-widget-text-editor\" data-id=\"a1b4237\" data-element_type=\"widget\" data-e-type=\"widget\" data-widget_type=\"text-editor.default\">\n\t\t\t\t<div class=\"elementor-widget-container\">\n\t\t\t\t\t\t\t\t\t<table><tbody><tr><td width=\"25%\"><strong>\u00a0<\/strong><strong>Cookies propias<\/strong><\/td><td width=\"75%\"><p>\u00a0<\/p><p>Aqu\u00e9llas que se env\u00edan al equipo terminal del usuario desde un equipo o dominio gestionado por el propio editor y desde el que se presta el servicio solicitado por el usuario.<\/p><p>\u00a0<\/p><\/td><\/tr><tr><td width=\"25%\"><strong>\u00a0<\/strong><strong>Cookies de terceros<\/strong><\/td><td width=\"75%\"><p>\u00a0<\/p><p>Aqu\u00e9llas que se env\u00edan al equipo terminal del usuario desde un equipo o dominio que no es gestionado por el editor, sino por otra entidad que trata los datos obtenidos trav\u00e9s de las cookies.<\/p><p>\u00a0<\/p><\/td><\/tr><\/tbody><\/table>\t\t\t\t\t\t\t\t<\/div>\n\t\t\t\t<\/div>\n\t\t\t\t<div class=\"elementor-element elementor-element-92dfc02 elementor-widget elementor-widget-heading\" data-id=\"92dfc02\" data-element_type=\"widget\" data-e-type=\"widget\" data-widget_type=\"heading.default\">\n\t\t\t\t<div class=\"elementor-widget-container\">\n\t\t\t\t\t<h5 class=\"elementor-heading-title elementor-size-default\"><br>\n<div class=\"magnetic\">La siguiente tabla recoge la clasificaci\u00f3n y descripci\u00f3n de las cookies utilizadas en la presente p\u00e1gina web para que puedas identificarlas en tu navegador:<\/div><\/h5>\t\t\t\t<\/div>\n\t\t\t\t<\/div>\n\t\t\t\t<div class=\"elementor-element elementor-element-70baa50 elementor-widget elementor-widget-text-editor\" data-id=\"70baa50\" data-element_type=\"widget\" data-e-type=\"widget\" data-widget_type=\"text-editor.default\">\n\t\t\t\t<div class=\"elementor-widget-container\">\n\t\t\t\t\t\t\t\t\t&nbsp;\n<table width=\"92%\">\n<tbody>\n<tr>\n<td width=\"22%\"><strong>Nombre<\/strong><\/td>\n<td width=\"18%\"><strong>Titular<\/strong><\/td>\n<td width=\"17%\"><strong>Datos recabados<\/strong><\/td>\n<td width=\"18%\"><strong>Finalidad<\/strong><\/td>\n<td width=\"22%\"><strong>Duraci\u00f3n<\/strong><\/td>\n<\/tr>\n<tr>\n<td width=\"22%\"><strong>\u00a0PHPSESSID<\/strong><\/td>\n<td width=\"18%\">Cookie Propia<\/td>\n<td width=\"17%\">Identificador \u00fanico de sesi\u00f3n del usuario<\/td>\n<td width=\"18%\">T\u00e9cnica<\/td>\n<td width=\"22%\">Sesi\u00f3n<\/td>\n<\/tr>\n<\/tbody>\n<\/table>\t\t\t\t\t\t\t\t<\/div>\n\t\t\t\t<\/div>\n\t\t\t\t<div class=\"elementor-element elementor-element-9062311 elementor-widget elementor-widget-heading\" data-id=\"9062311\" data-element_type=\"widget\" data-e-type=\"widget\" data-widget_type=\"heading.default\">\n\t\t\t\t<div class=\"elementor-widget-container\">\n\t\t\t\t\t<h5 class=\"elementor-heading-title elementor-size-default\"><br>\n<div class=\"magnetic\">De todas formas, le informamos que puede activar o desactivar las cookies siguiendo las instrucciones de su navegador de Internet:<\/div><\/h5>\t\t\t\t<\/div>\n\t\t\t\t<\/div>\n\t\t\t\t<div class=\"elementor-element elementor-element-8a2623c elementor-widget elementor-widget-text-editor\" data-id=\"8a2623c\" data-element_type=\"widget\" data-e-type=\"widget\" data-widget_type=\"text-editor.default\">\n\t\t\t\t<div class=\"elementor-widget-container\">\n\t\t\t\t\t\t\t\t\t<p>\u00a0<\/p><table width=\"760\"><tbody><tr><td width=\"142\"><strong>Chrome<\/strong><\/td><td width=\"450\">Configuraci\u00f3n\u00a0<span style=\"font-family: Wingdings; letter-spacing: 0px;\">\u00e0<\/span><span style=\"letter-spacing: 0px;\">\u00a0Mostrar opciones avanzadas\u00a0<\/span><span style=\"font-family: Wingdings;\">\u00e0<\/span><span style=\"letter-spacing: 0px;\">\u00a0Privacidad\u00a0<\/span><span style=\"font-family: Wingdings;\">\u00e0<\/span><span style=\"letter-spacing: 0px;\">\u00a0Configuraci\u00f3n de contenido.<\/span><\/td><td width=\"246\"><a href=\"http:\/\/support.google.com\">support.google.com<\/a><\/td><td width=\"99\">\u00a0<\/td><\/tr><tr><td width=\"142\"><p><strong>\u00a0<\/strong><strong>Firefox<\/strong><\/p><\/td><td width=\"274\">Herramientas\u00a0<span style=\"font-family: Wingdings;\">\u00e0<\/span>\u00a0Opciones \u00e0 Privacidad\u00a0<span style=\"font-family: Wingdings;\">\u00e0<\/span>\u00a0Historial\u00a0<span style=\"font-family: Wingdings;\">\u00e0<\/span>\u00a0Configuraci\u00f3n Personalizada.<\/td><td width=\"246\"><a href=\"http:\/\/support.mozilla.org\">support.mozilla.org<\/a><\/td><td width=\"99\">\u00a0<\/td><\/tr><tr><td width=\"142\"><strong>Internet Explorer<\/strong><\/td><td width=\"274\">Herramientas\u00a0<span style=\"font-family: Wingdings;\">\u00e0<\/span>\u00a0Opciones de Internet\u00a0<span style=\"font-family: Wingdings;\">\u00e0<\/span>\u00a0Privacidad\u00a0<span style=\"font-family: Wingdings;\">\u00e0<\/span>\u00a0Configuraci\u00f3n.<\/td><td width=\"246\"><a href=\"http:\/\/windows.microsoft.com\">windows.microsoft.com<\/a><\/td><td width=\"99\">\u00a0<\/td><\/tr><tr><td width=\"142\"><strong>Opera<\/strong><\/td><td width=\"274\">Herramientas\u00a0<span style=\"font-family: Wingdings;\">\u00e0<\/span>\u00a0Preferencias\u00a0<span style=\"font-family: Wingdings;\">\u00e0<\/span>\u00a0Editar preferencias\u00a0<span style=\"font-family: Wingdings;\">\u00e0<\/span>\u00a0Cookies.<\/td><td width=\"246\"><a href=\"http:\/\/www.opera.com\/help\/tutorials\/security\/cookies\/\">http:\/\/www.opera.com\/help\/tutorials\/security\/cookies\/<\/a><\/td><td width=\"99\">\u00a0<\/td><\/tr><tr><td width=\"142\"><strong>\u00a0<\/strong><strong>Safari<\/strong><strong>\u00a0<\/strong><\/td><td width=\"274\">Preferencias \u2192\u00a0Seguridad.<\/td><td width=\"246\"><a href=\"http:\/\/www.apple.com\">http:\/\/www.apple.com<\/a><\/td><td width=\"99\">\u00a0<\/td><\/tr><tr><td width=\"142\"><strong>Edge<\/strong><\/td><td width=\"274\">Configuraci\u00f3n\u00a0<span style=\"font-family: Wingdings;\">\u00e0<\/span>\u00a0Ver configuraci\u00f3n avanzada\u00a0<span style=\"font-family: Wingdings;\">\u00e0<\/span>\u00a0P<span style=\"letter-spacing: 0px;\">rivacidad y servicios\u00a0<\/span><span style=\"font-family: Wingdings;\">\u00e0<\/span><span style=\"letter-spacing: 0px;\">\u00a0Cookies.<\/span><\/td><td width=\"246\"><a href=\"https:\/\/privacy.microsoft.com\/es-es\/windows-10-microsoft-edge-and-privacy\">https:\/\/privacy.microsoft.com\/es-es\/windows-10-microsoft-edge-and-privacy<\/a><\/td><td width=\"99\">\u00a0<\/td><\/tr><\/tbody><\/table>\t\t\t\t\t\t\t\t<\/div>\n\t\t\t\t<\/div>\n\t\t\t\t\t<\/div>\n\t\t<\/div>\n\t\t\t\t\t<\/div>\n\t\t<\/section>\n\t\t\t\t<\/div>","protected":false},"excerpt":{"rendered":"<p>Pol\u00edtica de Cookies \u00bfQu\u00e9 son las cookies? Las cookies son peque\u00f1os archivos de datos que se reciben en el terminal desde el sitio Web visitado y se usan para registrar ciertas interacciones de la navegaci\u00f3n en un sitio Web almacenando datos que podr\u00e1n ser actualizados y recuperados. Estos archivos se almacenan en el ordenador del usuario y contiene datos an\u00f3nimos que no son perjudiciales para su equipo. Se utilizan para recordar las preferencias del usuario, como el idioma seleccionado, datos de acceso o personalizaci\u00f3n de la p\u00e1gina. Las Cookies tambi\u00e9n pueden ser utilizadas para registrar informaci\u00f3n an\u00f3nima acerca de c\u00f3mo un visitante utiliza un sitio. Por ejemplo, desde qu\u00e9 p\u00e1gina Web ha accedido, o si ha utilizado un \u00abbanner\u00bb publicitario para llegar. \u00a0 \u00bfQu\u00e9 uso le damos a los diferentes tipos de cookies? Seg\u00fan su finalidad: \u00a0 Cookies t\u00e9cnicas \u00a0 Las cookies t\u00e9cnicas son aquellas facilitan la navegaci\u00f3n del usuario y la utilizaci\u00f3n de las diferentes opciones o servicios que ofrece la web como identificar la sesi\u00f3n, permitir el acceso a determinadas \u00e1reas, facilitar pedidos, compras, cumplimentaci\u00f3n de formularios, inscripciones, seguridad, facilitar funcionalidades (videos, redes sociales\u2026). \u00a0 Cookies de personalizaci\u00f3n \u00a0 Las cookies de personalizaci\u00f3n permiten al usuario acceder a los servicios seg\u00fan sus preferencias (idioma, navegador, configuraci\u00f3n\u2026). \u00a0 Cookies anal\u00edticas \u00a0 Las cookies de an\u00e1lisis son las utilizadas para llevar a cabo el an\u00e1lisis an\u00f3nimo del comportamiento de los usuarios de la web y que permiten medir la actividad del usuario y elaborar perfiles de navegaci\u00f3n con el fin objetivo de mejorar los sitios web. \u00a0 \u00a0Cookies publicitarias \u00a0 Las cookies publicitarias permiten la gesti\u00f3n de los espacios publicitarios de la web. Adem\u00e1s, estas cookies pueden ser de publicidad personalizada y permitir as\u00ed la gesti\u00f3n de los espacios publicitarios de la web en base al comportamiento y h\u00e1bitos de navegaci\u00f3n de usuario, de donde se obtiene su perfil y permiten personalizar la publicidad que se muestra en el navegador del usuario u otros perfiles y redes sociales del usuario. \u00a0 \u00a0 \u00a0 \u00a0 \u00a0 Seg\u00fan su plazo: Cookies de sesi\u00f3n \u00a0 Las cookies de sesi\u00f3n son aquellas que duran el tiempo que el usuario est\u00e1 navegando por la p\u00e1gina Web y se borran al cerrar el navegador. \u00a0 \u00a0Cookies persistentes \u00a0 Estas cookies quedan almacenadas en el terminal del usuario hasta que son eliminadas manualmente o haya concluido el periodo de duraci\u00f3n establecido para dicha cookie. \u00a0 Seg\u00fan su titularidad: \u00a0Cookies propias \u00a0 Aqu\u00e9llas que se env\u00edan al equipo terminal del usuario desde un equipo o dominio gestionado por el propio editor y desde el que se presta el servicio solicitado por el usuario. \u00a0 \u00a0Cookies de terceros \u00a0 Aqu\u00e9llas que se env\u00edan al equipo terminal del usuario desde un equipo o dominio que no es gestionado por el editor, sino por otra entidad que trata los datos obtenidos trav\u00e9s de las cookies. \u00a0 La siguiente tabla recoge la clasificaci\u00f3n y descripci\u00f3n de las cookies utilizadas en la presente p\u00e1gina web para que puedas identificarlas en tu navegador: &nbsp; Nombre Titular Datos recabados Finalidad Duraci\u00f3n \u00a0PHPSESSID Cookie Propia Identificador \u00fanico de sesi\u00f3n del usuario T\u00e9cnica Sesi\u00f3n De todas formas, le informamos que puede activar o desactivar las cookies siguiendo las instrucciones de su navegador de Internet: \u00a0 Chrome Configuraci\u00f3n\u00a0\u00e0\u00a0Mostrar opciones avanzadas\u00a0\u00e0\u00a0Privacidad\u00a0\u00e0\u00a0Configuraci\u00f3n de contenido. support.google.com \u00a0 \u00a0Firefox Herramientas\u00a0\u00e0\u00a0Opciones \u00e0 Privacidad\u00a0\u00e0\u00a0Historial\u00a0\u00e0\u00a0Configuraci\u00f3n Personalizada. support.mozilla.org \u00a0 Internet Explorer Herramientas\u00a0\u00e0\u00a0Opciones de Internet\u00a0\u00e0\u00a0Privacidad\u00a0\u00e0\u00a0Configuraci\u00f3n. windows.microsoft.com \u00a0 Opera Herramientas\u00a0\u00e0\u00a0Preferencias\u00a0\u00e0\u00a0Editar preferencias\u00a0\u00e0\u00a0Cookies. http:\/\/www.opera.com\/help\/tutorials\/security\/cookies\/ \u00a0 \u00a0Safari\u00a0 Preferencias \u2192\u00a0Seguridad. http:\/\/www.apple.com \u00a0 Edge Configuraci\u00f3n\u00a0\u00e0\u00a0Ver configuraci\u00f3n avanzada\u00a0\u00e0\u00a0Privacidad y servicios\u00a0\u00e0\u00a0Cookies. https:\/\/privacy.microsoft.com\/es-es\/windows-10-microsoft-edge-and-privacy \u00a0<\/p>","protected":false},"author":2,"featured_media":0,"parent":0,"menu_order":0,"comment_status":"closed","ping_status":"closed","template":"","meta":{"footnotes":""},"class_list":["post-18496","page","type-page","status-publish","hentry"],"jetpack_sharing_enabled":true,"_links":{"self":[{"href":"https:\/\/www.magneticproductions.es\/ca\/wp-json\/wp\/v2\/pages\/18496","targetHints":{"allow":["GET"]}}],"collection":[{"href":"https:\/\/www.magneticproductions.es\/ca\/wp-json\/wp\/v2\/pages"}],"about":[{"href":"https:\/\/www.magneticproductions.es\/ca\/wp-json\/wp\/v2\/types\/page"}],"author":[{"embeddable":true,"href":"https:\/\/www.magneticproductions.es\/ca\/wp-json\/wp\/v2\/users\/2"}],"replies":[{"embeddable":true,"href":"https:\/\/www.magneticproductions.es\/ca\/wp-json\/wp\/v2\/comments?post=18496"}],"version-history":[{"count":48,"href":"https:\/\/www.magneticproductions.es\/ca\/wp-json\/wp\/v2\/pages\/18496\/revisions"}],"predecessor-version":[{"id":19513,"href":"https:\/\/www.magneticproductions.es\/ca\/wp-json\/wp\/v2\/pages\/18496\/revisions\/19513"}],"wp:attachment":[{"href":"https:\/\/www.magneticproductions.es\/ca\/wp-json\/wp\/v2\/media?parent=18496"}],"curies":[{"name":"wp","href":"https:\/\/api.w.org\/{rel}","templated":true}]}}